{"id":1532,"date":"2023-11-26T17:58:02","date_gmt":"2023-11-26T17:58:02","guid":{"rendered":"http:\/\/new.richardsmotelfamilyoflodgings.com\/divi\/habitaciones\/"},"modified":"2025-02-27T03:53:57","modified_gmt":"2025-02-27T03:53:57","slug":"habitaciones","status":"publish","type":"page","link":"https:\/\/richardsmotelcourtyard.com\/es\/habitaciones\/","title":{"rendered":"Habitaciones"},"content":{"rendered":"<p>[et_pb_section fb_built=\u00bb1&#8243; _builder_version=\u00bb4.23.1&#8243; _module_preset=\u00bbdefault\u00bb global_colors_info=\u00bb{}\u00bb][et_pb_row _builder_version=\u00bb4.23.1&#8243; _module_preset=\u00bbdefault\u00bb global_colors_info=\u00bb{}\u00bb][et_pb_column type=\u00bb4_4&#8243; _builder_version=\u00bb4.23.1&#8243; _module_preset=\u00bbdefault\u00bb global_colors_info=\u00bb{}\u00bb][et_pb_text _builder_version=\u00bb4.25.1&#8243; _module_preset=\u00bbdefault\u00bb global_colors_info=\u00bb{}\u00bb]<\/p>\n<p>&nbsp;<\/p>\n<p class=\"has-text-align-center\"><strong>Todas las habitaciones del Richard&#8217;s Motel Courtyard<\/strong><\/p>\n<p>&nbsp;<\/p>\n<p>Habitaciones con aire acondicionado, microondas y frigor\u00edficos, y cocinas totalmente equipadas en nuestros apartamentos eficientes. TV por cable, TV francesa, Internet Wi Fi para mantenerte en contacto.<\/p>\n<p>Con nosotros te espera una estancia limpia y confortable. Para tu relajaci\u00f3n y placer, disfruta de un tranquilo patio con amplias sillas, instalaciones para barbacoa y sol\u00e1rium, tejo y dos grandes deslizadores importados de Canad\u00e1.<\/p>\n<p class=\"has-text-align-center\" style=\"text-align: center;\">Nuestros precios son decrecientes para un alquiler semanal y mensual (4 semanas). Disfrute de las atractivas y muy convenientes tarifas bajas durante la temporada baja.<\/p>\n<p class=\"has-text-align-center\" style=\"text-align: center;\">No dude en preguntarnos <a href=\"https:\/\/richardsmotelcourtyard.com\/es\/pongase-en-contacto-con\/\">aqu\u00ed<\/a><\/p>\n<p>&nbsp;<\/p>\n<p>[\/et_pb_text][\/et_pb_column][\/et_pb_row][et_pb_row _builder_version=\u00bb4.23.4&#8243; _module_preset=\u00bbdefault\u00bb global_colors_info=\u00bb{}\u00bb][et_pb_column type=\u00bb4_4&#8243; _builder_version=\u00bb4.23.4&#8243; _module_preset=\u00bbdefault\u00bb global_colors_info=\u00bb{}\u00bb][et_pb_post_slider include_categories=\u00bb7&#8243; orderby=\u00bbtitle_asc\u00bb use_manual_excerpt=\u00bboff\u00bb show_meta=\u00bboff\u00bb bg_overlay_color=\u00bbrgba(255,255,255,0.2)\u00bb use_text_overlay=\u00bboff\u00bb show_image_video_mobile=\u00bbon\u00bb arrows_custom_color=\u00bb#FFFFFF\u00bb dot_nav_custom_color=\u00bb#7fbf01&#8243; _builder_version=\u00bb4.25.1&#8243; _module_preset=\u00bbdefault\u00bb header_font=\u00bbABeeZee||||||||\u00bb body_font=\u00bbABeeZee||||||||\u00bb custom_button=\u00bbon\u00bb button_border_color=\u00bb#7fbf01&#8243; button_border_radius=\u00bb25px\u00bb button_letter_spacing=\u00bb5px\u00bb button_font=\u00bbABeeZee||||||||\u00bb button_use_icon=\u00bboff\u00bb button_custom_margin_tablet=\u00bb\u00bb button_custom_margin_phone=\u00bb\u00bb button_custom_margin_last_edited=\u00bbon|phone\u00bb button_custom_padding=\u00bb0px|10px|0px|10px|false|false\u00bb auto=\u00bbon\u00bb auto_speed=\u00bb4000&#8243; button_border_width_tablet=\u00bb\u00bb button_border_width_phone=\u00bb\u00bb button_border_width_last_edited=\u00bbon|desktop\u00bb button_letter_spacing_tablet=\u00bb2px\u00bb button_letter_spacing_phone=\u00bb2px\u00bb button_letter_spacing_last_edited=\u00bbon|phone\u00bb box_shadow_style=\u00bbpreset1&#8243; global_colors_info=\u00bb{}\u00bb][\/et_pb_post_slider][\/et_pb_column][\/et_pb_row][\/et_pb_section]<\/p>\n","protected":false},"excerpt":{"rendered":"<p>&nbsp; Todas las habitaciones del Richard&#8217;s Motel Courtyard &nbsp; Habitaciones con aire acondicionado, microondas y frigor\u00edficos, y cocinas totalmente equipadas en nuestros apartamentos eficientes. TV por cable, TV francesa, Internet Wi Fi para mantenerte en contacto. Con nosotros te espera una estancia limpia y confortable. Para tu relajaci\u00f3n y placer, disfruta de un tranquilo patio [&hellip;]<\/p>\n","protected":false},"author":1,"featured_media":0,"parent":0,"menu_order":0,"comment_status":"closed","ping_status":"closed","template":"","meta":{"_et_pb_use_builder":"on","_et_pb_old_content":"","_et_gb_content_width":"","_monsterinsights_skip_tracking":false,"_monsterinsights_sitenote_active":false,"_monsterinsights_sitenote_note":"","_monsterinsights_sitenote_category":0,"footnotes":""},"class_list":["post-1532","page","type-page","status-publish","hentry"],"yoast_head":"<!-- This site is optimized with the Yoast SEO plugin v27.3 - https:\/\/yoast.com\/product\/yoast-seo-wordpress\/ -->\n<title>Habitaciones - Richard&#039;s Motel Courtyard<\/title>\n<meta name=\"robots\" content=\"index, follow, max-snippet:-1, max-image-preview:large, max-video-preview:-1\" \/>\n<link rel=\"canonical\" href=\"https:\/\/richardsmotelcourtyard.com\/es\/habitaciones\/\" \/>\n<meta property=\"og:locale\" content=\"es_ES\" \/>\n<meta property=\"og:type\" content=\"article\" \/>\n<meta property=\"og:title\" content=\"Habitaciones - Richard&#039;s Motel Courtyard\" \/>\n<meta property=\"og:description\" content=\"&nbsp; Todas las habitaciones del Richard&#039;s Motel Courtyard &nbsp; Habitaciones con aire acondicionado, microondas y frigor\u00edficos, y cocinas totalmente equipadas en nuestros apartamentos eficientes. TV por cable, TV francesa, Internet Wi Fi para mantenerte en contacto. Con nosotros te espera una estancia limpia y confortable. Para tu relajaci\u00f3n y placer, disfruta de un tranquilo patio [&hellip;]\" \/>\n<meta property=\"og:url\" content=\"https:\/\/richardsmotelcourtyard.com\/es\/habitaciones\/\" \/>\n<meta property=\"og:site_name\" content=\"Richard&#039;s Motel Courtyard\" \/>\n<meta property=\"article:publisher\" content=\"https:\/\/www.facebook.com\/FamilyofLodgingsHollywoodFlorida\/\" \/>\n<meta property=\"article:modified_time\" content=\"2025-02-27T03:53:57+00:00\" \/>\n<meta name=\"twitter:card\" content=\"summary_large_image\" \/>\n<meta name=\"twitter:label1\" content=\"Tiempo de lectura\" \/>\n\t<meta name=\"twitter:data1\" content=\"2 minutos\" \/>\n<script type=\"application\/ld+json\" class=\"yoast-schema-graph\">{\"@context\":\"https:\\\/\\\/schema.org\",\"@graph\":[{\"@type\":\"WebPage\",\"@id\":\"https:\\\/\\\/richardsmotelcourtyard.com\\\/es\\\/habitaciones\\\/\",\"url\":\"https:\\\/\\\/richardsmotelcourtyard.com\\\/es\\\/habitaciones\\\/\",\"name\":\"Habitaciones - Richard&#039;s Motel Courtyard\",\"isPartOf\":{\"@id\":\"https:\\\/\\\/richardsmotelcourtyard.com\\\/es\\\/#website\"},\"datePublished\":\"2023-11-26T17:58:02+00:00\",\"dateModified\":\"2025-02-27T03:53:57+00:00\",\"breadcrumb\":{\"@id\":\"https:\\\/\\\/richardsmotelcourtyard.com\\\/es\\\/habitaciones\\\/#breadcrumb\"},\"inLanguage\":\"es\",\"potentialAction\":[{\"@type\":\"ReadAction\",\"target\":[\"https:\\\/\\\/richardsmotelcourtyard.com\\\/es\\\/habitaciones\\\/\"]}]},{\"@type\":\"BreadcrumbList\",\"@id\":\"https:\\\/\\\/richardsmotelcourtyard.com\\\/es\\\/habitaciones\\\/#breadcrumb\",\"itemListElement\":[{\"@type\":\"ListItem\",\"position\":1,\"name\":\"Home\",\"item\":\"https:\\\/\\\/richardsmotelcourtyard.com\\\/es\\\/inicio\\\/\"},{\"@type\":\"ListItem\",\"position\":2,\"name\":\"Habitaciones\"}]},{\"@type\":\"WebSite\",\"@id\":\"https:\\\/\\\/richardsmotelcourtyard.com\\\/es\\\/#website\",\"url\":\"https:\\\/\\\/richardsmotelcourtyard.com\\\/es\\\/\",\"name\":\"Richard's Motel Courtyard\",\"description\":\"\",\"publisher\":{\"@id\":\"https:\\\/\\\/richardsmotelcourtyard.com\\\/es\\\/#organization\"},\"potentialAction\":[{\"@type\":\"SearchAction\",\"target\":{\"@type\":\"EntryPoint\",\"urlTemplate\":\"https:\\\/\\\/richardsmotelcourtyard.com\\\/es\\\/?s={search_term_string}\"},\"query-input\":{\"@type\":\"PropertyValueSpecification\",\"valueRequired\":true,\"valueName\":\"search_term_string\"}}],\"inLanguage\":\"es\"},{\"@type\":\"Organization\",\"@id\":\"https:\\\/\\\/richardsmotelcourtyard.com\\\/es\\\/#organization\",\"name\":\"Richard's Motel Courtyard\",\"url\":\"https:\\\/\\\/richardsmotelcourtyard.com\\\/es\\\/\",\"logo\":{\"@type\":\"ImageObject\",\"inLanguage\":\"es\",\"@id\":\"https:\\\/\\\/richardsmotelcourtyard.com\\\/es\\\/#\\\/schema\\\/logo\\\/image\\\/\",\"url\":\"https:\\\/\\\/richardsmotelcourtyard.com\\\/wp-content\\\/uploads\\\/2024\\\/06\\\/Courtyard-logo.png\",\"contentUrl\":\"https:\\\/\\\/richardsmotelcourtyard.com\\\/wp-content\\\/uploads\\\/2024\\\/06\\\/Courtyard-logo.png\",\"width\":300,\"height\":237,\"caption\":\"Richard's Motel Courtyard\"},\"image\":{\"@id\":\"https:\\\/\\\/richardsmotelcourtyard.com\\\/es\\\/#\\\/schema\\\/logo\\\/image\\\/\"},\"sameAs\":[\"https:\\\/\\\/www.facebook.com\\\/FamilyofLodgingsHollywoodFlorida\\\/\"]}]}<\/script>\n<!-- \/ Yoast SEO plugin. -->","yoast_head_json":{"title":"Habitaciones - Richard&#039;s Motel Courtyard","robots":{"index":"index","follow":"follow","max-snippet":"max-snippet:-1","max-image-preview":"max-image-preview:large","max-video-preview":"max-video-preview:-1"},"canonical":"https:\/\/richardsmotelcourtyard.com\/es\/habitaciones\/","og_locale":"es_ES","og_type":"article","og_title":"Habitaciones - Richard&#039;s Motel Courtyard","og_description":"&nbsp; Todas las habitaciones del Richard's Motel Courtyard &nbsp; Habitaciones con aire acondicionado, microondas y frigor\u00edficos, y cocinas totalmente equipadas en nuestros apartamentos eficientes. TV por cable, TV francesa, Internet Wi Fi para mantenerte en contacto. Con nosotros te espera una estancia limpia y confortable. Para tu relajaci\u00f3n y placer, disfruta de un tranquilo patio [&hellip;]","og_url":"https:\/\/richardsmotelcourtyard.com\/es\/habitaciones\/","og_site_name":"Richard&#039;s Motel Courtyard","article_publisher":"https:\/\/www.facebook.com\/FamilyofLodgingsHollywoodFlorida\/","article_modified_time":"2025-02-27T03:53:57+00:00","twitter_card":"summary_large_image","twitter_misc":{"Tiempo de lectura":"2 minutos"},"schema":{"@context":"https:\/\/schema.org","@graph":[{"@type":"WebPage","@id":"https:\/\/richardsmotelcourtyard.com\/es\/habitaciones\/","url":"https:\/\/richardsmotelcourtyard.com\/es\/habitaciones\/","name":"Habitaciones - Richard&#039;s Motel Courtyard","isPartOf":{"@id":"https:\/\/richardsmotelcourtyard.com\/es\/#website"},"datePublished":"2023-11-26T17:58:02+00:00","dateModified":"2025-02-27T03:53:57+00:00","breadcrumb":{"@id":"https:\/\/richardsmotelcourtyard.com\/es\/habitaciones\/#breadcrumb"},"inLanguage":"es","potentialAction":[{"@type":"ReadAction","target":["https:\/\/richardsmotelcourtyard.com\/es\/habitaciones\/"]}]},{"@type":"BreadcrumbList","@id":"https:\/\/richardsmotelcourtyard.com\/es\/habitaciones\/#breadcrumb","itemListElement":[{"@type":"ListItem","position":1,"name":"Home","item":"https:\/\/richardsmotelcourtyard.com\/es\/inicio\/"},{"@type":"ListItem","position":2,"name":"Habitaciones"}]},{"@type":"WebSite","@id":"https:\/\/richardsmotelcourtyard.com\/es\/#website","url":"https:\/\/richardsmotelcourtyard.com\/es\/","name":"Richard's Motel Courtyard","description":"","publisher":{"@id":"https:\/\/richardsmotelcourtyard.com\/es\/#organization"},"potentialAction":[{"@type":"SearchAction","target":{"@type":"EntryPoint","urlTemplate":"https:\/\/richardsmotelcourtyard.com\/es\/?s={search_term_string}"},"query-input":{"@type":"PropertyValueSpecification","valueRequired":true,"valueName":"search_term_string"}}],"inLanguage":"es"},{"@type":"Organization","@id":"https:\/\/richardsmotelcourtyard.com\/es\/#organization","name":"Richard's Motel Courtyard","url":"https:\/\/richardsmotelcourtyard.com\/es\/","logo":{"@type":"ImageObject","inLanguage":"es","@id":"https:\/\/richardsmotelcourtyard.com\/es\/#\/schema\/logo\/image\/","url":"https:\/\/richardsmotelcourtyard.com\/wp-content\/uploads\/2024\/06\/Courtyard-logo.png","contentUrl":"https:\/\/richardsmotelcourtyard.com\/wp-content\/uploads\/2024\/06\/Courtyard-logo.png","width":300,"height":237,"caption":"Richard's Motel Courtyard"},"image":{"@id":"https:\/\/richardsmotelcourtyard.com\/es\/#\/schema\/logo\/image\/"},"sameAs":["https:\/\/www.facebook.com\/FamilyofLodgingsHollywoodFlorida\/"]}]}},"_links":{"self":[{"href":"https:\/\/richardsmotelcourtyard.com\/es\/wp-json\/wp\/v2\/pages\/1532","targetHints":{"allow":["GET"]}}],"collection":[{"href":"https:\/\/richardsmotelcourtyard.com\/es\/wp-json\/wp\/v2\/pages"}],"about":[{"href":"https:\/\/richardsmotelcourtyard.com\/es\/wp-json\/wp\/v2\/types\/page"}],"author":[{"embeddable":true,"href":"https:\/\/richardsmotelcourtyard.com\/es\/wp-json\/wp\/v2\/users\/1"}],"replies":[{"embeddable":true,"href":"https:\/\/richardsmotelcourtyard.com\/es\/wp-json\/wp\/v2\/comments?post=1532"}],"version-history":[{"count":27,"href":"https:\/\/richardsmotelcourtyard.com\/es\/wp-json\/wp\/v2\/pages\/1532\/revisions"}],"predecessor-version":[{"id":3341,"href":"https:\/\/richardsmotelcourtyard.com\/es\/wp-json\/wp\/v2\/pages\/1532\/revisions\/3341"}],"wp:attachment":[{"href":"https:\/\/richardsmotelcourtyard.com\/es\/wp-json\/wp\/v2\/media?parent=1532"}],"curies":[{"name":"wp","href":"https:\/\/api.w.org\/{rel}","templated":true}]}}